{"id":2,"date":"2024-03-13T15:16:14","date_gmt":"2024-03-13T14:16:14","guid":{"rendered":"http:\/\/kylmg.es\/?page_id=2"},"modified":"2025-09-25T23:50:44","modified_gmt":"2025-09-25T21:50:44","slug":"pagina-ejemplo","status":"publish","type":"page","link":"https:\/\/kylmg.es\/?page_id=2","title":{"rendered":"P\u00e1gina de ejemplo"},"content":{"rendered":"\n<figure class=\"wp-block-gallery has-nested-images columns-default is-cropped wp-block-gallery-1 is-layout-flex wp-block-gallery-is-layout-flex\">\n<figure class=\"wp-block-image size-large\"><img loading=\"lazy\" decoding=\"async\" width=\"765\" height=\"1024\" data-id=\"14\" src=\"https:\/\/kylmg.es\/wp-content\/uploads\/2025\/09\/20241020_172101-1-765x1024.jpg\" alt=\"\" class=\"wp-image-14\" srcset=\"https:\/\/kylmg.es\/wp-content\/uploads\/2025\/09\/20241020_172101-1-765x1024.jpg 765w, https:\/\/kylmg.es\/wp-content\/uploads\/2025\/09\/20241020_172101-1-224x300.jpg 224w, https:\/\/kylmg.es\/wp-content\/uploads\/2025\/09\/20241020_172101-1-768x1028.jpg 768w, https:\/\/kylmg.es\/wp-content\/uploads\/2025\/09\/20241020_172101-1-1148x1536.jpg 1148w, https:\/\/kylmg.es\/wp-content\/uploads\/2025\/09\/20241020_172101-1-600x803.jpg 600w, https:\/\/kylmg.es\/wp-content\/uploads\/2025\/09\/20241020_172101-1-rotated.jpg 1386w\" sizes=\"auto, (max-width: 765px) 100vw, 765px\" \/><\/figure>\n<\/figure>\n\n\n\n<blockquote class=\"wp-block-quote is-layout-flow wp-block-quote-is-layout-flow\">\n<p>\u00a1Hola! Soy T\u00e9cnica Superior en DAW. <\/p>\n\n\n\n<p>Adem\u00e1s, soy CEO de la empresa <em><strong>Build and Invest Solutions, S.L.<\/strong><\/em> y \u00e9sta es mi web. Vivo en Madrid, pero tambi\u00e9n paso temporadas en M\u00e1laga donde tiene lugar la actividad de la empresa.<\/p>\n\n\n\n<p><\/p>\n<\/blockquote>\n\n\n\n<p class=\"has-text-align-center\">Mi empresa se dedica a la compraventa y a la reforma de viviendas.<\/p>\n\n\n\n<p><strong>Proyectos realizados<\/strong><\/p>\n\n\n\n<p><\/p>\n","protected":false},"excerpt":{"rendered":"<p>\u00a1Hola! Soy T\u00e9cnica Superior en DAW. Adem\u00e1s, soy CEO de la empresa Build and Invest Solutions, S.L. y \u00e9sta es mi web. Vivo en Madrid, pero tambi\u00e9n paso temporadas en M\u00e1laga donde tiene lugar la actividad de la empresa. Mi empresa se dedica a la compraventa y a la reforma [&hellip;]<\/p>\n","protected":false},"author":1,"featured_media":0,"parent":0,"menu_order":0,"comment_status":"closed","ping_status":"open","template":"","meta":{"_monsterinsights_skip_tracking":false,"_monsterinsights_sitenote_active":false,"_monsterinsights_sitenote_note":"","_monsterinsights_sitenote_category":0,"footnotes":""},"class_list":["post-2","page","type-page","status-publish","hentry"],"aioseo_notices":[],"_links":{"self":[{"href":"https:\/\/kylmg.es\/index.php?rest_route=\/wp\/v2\/pages\/2","targetHints":{"allow":["GET"]}}],"collection":[{"href":"https:\/\/kylmg.es\/index.php?rest_route=\/wp\/v2\/pages"}],"about":[{"href":"https:\/\/kylmg.es\/index.php?rest_route=\/wp\/v2\/types\/page"}],"author":[{"embeddable":true,"href":"https:\/\/kylmg.es\/index.php?rest_route=\/wp\/v2\/users\/1"}],"replies":[{"embeddable":true,"href":"https:\/\/kylmg.es\/index.php?rest_route=%2Fwp%2Fv2%2Fcomments&post=2"}],"version-history":[{"count":1,"href":"https:\/\/kylmg.es\/index.php?rest_route=\/wp\/v2\/pages\/2\/revisions"}],"predecessor-version":[{"id":15,"href":"https:\/\/kylmg.es\/index.php?rest_route=\/wp\/v2\/pages\/2\/revisions\/15"}],"wp:attachment":[{"href":"https:\/\/kylmg.es\/index.php?rest_route=%2Fwp%2Fv2%2Fmedia&parent=2"}],"curies":[{"name":"wp","href":"https:\/\/api.w.org\/{rel}","templated":true}]}}